{"id":995,"date":"2026-03-11T04:01:44","date_gmt":"2026-03-11T04:01:44","guid":{"rendered":"https:\/\/kemi-olaojo.com\/favouronline\/product\/awon-eya-ara-mi\/"},"modified":"2026-04-25T20:36:09","modified_gmt":"2026-04-25T20:36:09","slug":"awon-eya-ara-mi","status":"publish","type":"product","link":"https:\/\/kemi-olaojo.com\/favouronline\/product\/awon-eya-ara-mi\/","title":{"rendered":"\u00c0W\u1eccN \u1eb8\u0300Y\u00c0 ARA MI"},"content":{"rendered":"<p>About &#8220;\u00c0w\u1ecdn \u1eb8\u0300y\u00e0 Ara Mi&#8221;<\/p>\n<p>The book, \u00c0w\u1ecdn \u1eb8\u0300y\u00e0 Ara Mi is written to teach the parts of the body in Yor\u00f9b\u00e1 language.<\/p>\n<p>In addition to learning about the parts of the body, the book can also be used to teach counting or numeracy, which is a bonus to Parents and the Students.<\/p>\n<p>It&#8217;s a lovely book that makes learning easy, very attractive for the Teachers, Parents and Learners.<\/p>\n<p>To help the students understand better and have an uninterrupted interest in what is being taught, there are sections for evaluation and assignment towards the end of the book.<\/p>\n<p>Equally, this book is also useful for adults who are just learning to read and write Yor\u00f9b\u00e1 as a language or who desires a better understanding of speaking the language.<\/p>\n<p>Join our online Yor\u00f9b\u00e1 Class at:https:\/\/ileeko.kemiolaojo.com\/<\/p>\n","protected":false},"excerpt":{"rendered":"<p>About &#8220;\u00c0w\u1ecdn \u1eb8\u0300y\u00e0 Ara Mi&#8221;<\/p>\n<p>The book, \u00c0w\u1ecdn \u1eb8\u0300y\u00e0 Ara Mi is written to teach the parts of the body in Yor\u00f9b\u00e1 language.<\/p>\n<p>In addition to learning about the parts of the body, the book can also be used to teach counting or numeracy, which is a bonus to Parents and the Students.<\/p>\n<p>It&#8217;s a lovely book that makes learning easy, very attractive for the Teachers, Parents and Learners.<\/p>\n<p>To help the students understand better and have an uninterrupted interest in what is being taught, there are sections for evaluation and assignment towards the end of the book.<\/p>\n<p>Equally, this book is also useful for adults who are just learning to read and write Yor\u00f9b\u00e1 as a language or who desires a better understanding of speaking the language.<\/p>\n<p>Join our online Yor\u00f9b\u00e1 Class at:https:\/\/ileeko.kemiolaojo.com\/<\/p>\n","protected":false},"featured_media":996,"template":"","meta":[],"product_brand":[],"product_cat":[103,107,109],"product_tag":[],"class_list":{"0":"post-995","1":"product","2":"type-product","3":"status-publish","4":"has-post-thumbnail","6":"product_cat-books","7":"product_cat-children","8":"product_cat-family","10":"first","11":"instock","12":"taxable","13":"shipping-taxable","14":"purchasable","15":"product-type-simple"},"_links":{"self":[{"href":"https:\/\/kemi-olaojo.com\/favouronline\/wp-json\/wp\/v2\/product\/995","targetHints":{"allow":["GET"]}}],"collection":[{"href":"https:\/\/kemi-olaojo.com\/favouronline\/wp-json\/wp\/v2\/product"}],"about":[{"href":"https:\/\/kemi-olaojo.com\/favouronline\/wp-json\/wp\/v2\/types\/product"}],"wp:featuredmedia":[{"embeddable":true,"href":"https:\/\/kemi-olaojo.com\/favouronline\/wp-json\/wp\/v2\/media\/996"}],"wp:attachment":[{"href":"https:\/\/kemi-olaojo.com\/favouronline\/wp-json\/wp\/v2\/media?parent=995"}],"wp:term":[{"taxonomy":"product_brand","embeddable":true,"href":"https:\/\/kemi-olaojo.com\/favouronline\/wp-json\/wp\/v2\/product_brand?post=995"},{"taxonomy":"product_cat","embeddable":true,"href":"https:\/\/kemi-olaojo.com\/favouronline\/wp-json\/wp\/v2\/product_cat?post=995"},{"taxonomy":"product_tag","embeddable":true,"href":"https:\/\/kemi-olaojo.com\/favouronline\/wp-json\/wp\/v2\/product_tag?post=995"}],"curies":[{"name":"wp","href":"https:\/\/api.w.org\/{rel}","templated":true}]}}