{"id":1057,"date":"2026-04-25T13:52:33","date_gmt":"2026-04-25T13:52:33","guid":{"rendered":"https:\/\/kemi-olaojo.com\/favouronline\/product\/abd-ni-yoruba-2\/"},"modified":"2026-04-25T19:58:00","modified_gmt":"2026-04-25T19:58:00","slug":"abd-ni-yoruba-2","status":"publish","type":"product","link":"https:\/\/kemi-olaojo.com\/favouronline\/product\/abd-ni-yoruba-2\/","title":{"rendered":"ABD N\u00ed Yor\u00f9b\u00e1"},"content":{"rendered":"<p>ABD n\u00ed Yor\u00f9b\u00e1 is a colourful and engaging introduction to the Yor\u00f9b\u00e1 alphabet for children and beginners. Each letter is presented with a vivid illustration, accurate Yor\u00f9b\u00e1 word, tone markings, and English translation. From everyday objects like \u00c0ga (chair) and \u00ccw\u00e9 (book) to cultural treasures such as G\u00e8l\u00e8 (female headtie) and \u00ccl\u00f9 (drum), this book connects learners to both language and culture.<br \/>\nDesigned for use at home, in schools, and among the Yor\u00f9b\u00e1 diaspora, it is an excellent resource for preserving heritage and supporting bilingual literacy in a fun, accessible way.<\/p>\n","protected":false},"excerpt":{"rendered":"<p>ABD n\u00ed Yor\u00f9b\u00e1 is a colourful and engaging introduction to the Yor\u00f9b\u00e1 alphabet for children and beginners. Each letter is presented with a vivid illustration, accurate Yor\u00f9b\u00e1 word, tone markings, and English translation. From everyday objects like \u00c0ga (chair) and \u00ccw\u00e9 (book) to cultural treasures such as G\u00e8l\u00e8 (female headtie) and \u00ccl\u00f9 (drum), this book connects learners to both language and culture.<br \/>\nDesigned for use at home, in schools, and among the Yor\u00f9b\u00e1 diaspora, it is an excellent resource for preserving heritage and supporting bilingual literacy in a fun, accessible way.<\/p>\n","protected":false},"featured_media":1058,"template":"","meta":[],"product_brand":[],"product_cat":[114,103,107],"product_tag":[],"class_list":{"0":"post-1057","1":"product","2":"type-product","3":"status-publish","4":"has-post-thumbnail","6":"product_cat-bilingual","7":"product_cat-books","8":"product_cat-children","10":"first","11":"instock","12":"taxable","13":"shipping-taxable","14":"purchasable","15":"product-type-simple"},"_links":{"self":[{"href":"https:\/\/kemi-olaojo.com\/favouronline\/wp-json\/wp\/v2\/product\/1057","targetHints":{"allow":["GET"]}}],"collection":[{"href":"https:\/\/kemi-olaojo.com\/favouronline\/wp-json\/wp\/v2\/product"}],"about":[{"href":"https:\/\/kemi-olaojo.com\/favouronline\/wp-json\/wp\/v2\/types\/product"}],"wp:featuredmedia":[{"embeddable":true,"href":"https:\/\/kemi-olaojo.com\/favouronline\/wp-json\/wp\/v2\/media\/1058"}],"wp:attachment":[{"href":"https:\/\/kemi-olaojo.com\/favouronline\/wp-json\/wp\/v2\/media?parent=1057"}],"wp:term":[{"taxonomy":"product_brand","embeddable":true,"href":"https:\/\/kemi-olaojo.com\/favouronline\/wp-json\/wp\/v2\/product_brand?post=1057"},{"taxonomy":"product_cat","embeddable":true,"href":"https:\/\/kemi-olaojo.com\/favouronline\/wp-json\/wp\/v2\/product_cat?post=1057"},{"taxonomy":"product_tag","embeddable":true,"href":"https:\/\/kemi-olaojo.com\/favouronline\/wp-json\/wp\/v2\/product_tag?post=1057"}],"curies":[{"name":"wp","href":"https:\/\/api.w.org\/{rel}","templated":true}]}}